{"id":1059,"date":"2026-02-24T17:08:06","date_gmt":"2026-02-24T17:08:06","guid":{"rendered":"https:\/\/vestigium.unez.edu.mx\/index.php\/avisos-copy\/"},"modified":"2026-02-24T17:23:41","modified_gmt":"2026-02-24T17:23:41","slug":"avisos-copy","status":"publish","type":"page","link":"https:\/\/vestigium.unez.edu.mx\/index.php\/avisos-copy\/","title":{"rendered":"C\u00f3digo de \u00c9tica"},"content":{"rendered":"\t\t<div data-elementor-type=\"wp-page\" data-elementor-id=\"1059\" class=\"elementor elementor-1059\">\n\t\t\t\t\t\t<section class=\"elementor-section elementor-top-section elementor-element elementor-element-38728c8 elementor-section-boxed elementor-section-height-default elementor-section-height-default\" data-id=\"38728c8\" data-element_type=\"section\" data-e-type=\"section\">\n\t\t\t\t\t\t<div class=\"elementor-container elementor-column-gap-default\">\n\t\t\t\t\t<div class=\"elementor-column elementor-col-100 elementor-top-column elementor-element elementor-element-6d5144d\" data-id=\"6d5144d\" data-element_type=\"column\" data-e-type=\"column\">\n\t\t\t<div class=\"elementor-widget-wrap elementor-element-populated\">\n\t\t\t\t\t\t<div class=\"elementor-element elementor-element-cb72e38 elementor-widget elementor-widget-spacer\" data-id=\"cb72e38\" data-element_type=\"widget\" data-e-type=\"widget\" data-widget_type=\"spacer.default\">\n\t\t\t\t<div class=\"elementor-widget-container\">\n\t\t\t\t\t\t\t<div class=\"elementor-spacer\">\n\t\t\t<div class=\"elementor-spacer-inner\"><\/div>\n\t\t<\/div>\n\t\t\t\t\t\t<\/div>\n\t\t\t\t<\/div>\n\t\t\t\t\t<\/div>\n\t\t<\/div>\n\t\t\t\t\t<\/div>\n\t\t<\/section>\n\t\t\t\t<section class=\"elementor-section elementor-top-section elementor-element elementor-element-0e69dde elementor-section-full_width elementor-section-height-default elementor-section-height-default\" data-id=\"0e69dde\" data-element_type=\"section\" data-e-type=\"section\" data-settings=\"{&quot;background_background&quot;:&quot;classic&quot;}\">\n\t\t\t\t\t\t<div class=\"elementor-container elementor-column-gap-default\">\n\t\t\t\t\t<div class=\"elementor-column elementor-col-100 elementor-top-column elementor-element elementor-element-1ca4d9f\" data-id=\"1ca4d9f\" data-element_type=\"column\" data-e-type=\"column\">\n\t\t\t<div class=\"elementor-widget-wrap elementor-element-populated\">\n\t\t\t\t\t\t<div class=\"elementor-element elementor-element-5df4b72 elementor-widget elementor-widget-heading\" data-id=\"5df4b72\" data-element_type=\"widget\" data-e-type=\"widget\" data-widget_type=\"heading.default\">\n\t\t\t\t<div class=\"elementor-widget-container\">\n\t\t\t\t\t<h1 class=\"elementor-heading-title elementor-size-xxl\">C\u00f3digo de \u00c9tica<\/h1>\t\t\t\t<\/div>\n\t\t\t\t<\/div>\n\t\t\t\t\t<\/div>\n\t\t<\/div>\n\t\t\t\t\t<\/div>\n\t\t<\/section>\n\t\t\t\t<section class=\"elementor-section elementor-top-section elementor-element elementor-element-f799032 elementor-section-boxed elementor-section-height-default elementor-section-height-default\" data-id=\"f799032\" data-element_type=\"section\" data-e-type=\"section\">\n\t\t\t\t\t\t<div class=\"elementor-container elementor-column-gap-default\">\n\t\t\t\t\t<div class=\"elementor-column elementor-col-100 elementor-top-column elementor-element elementor-element-77d3d9b\" data-id=\"77d3d9b\" data-element_type=\"column\" data-e-type=\"column\">\n\t\t\t<div class=\"elementor-widget-wrap elementor-element-populated\">\n\t\t\t\t\t\t<div class=\"elementor-element elementor-element-e595abe elementor-widget__width-initial elementor-widget elementor-widget-text-editor\" data-id=\"e595abe\" data-element_type=\"widget\" data-e-type=\"widget\" data-widget_type=\"text-editor.default\">\n\t\t\t\t<div class=\"elementor-widget-container\">\n\t\t\t\t\t\t\t\t\t<p>Dado que, como en cualquier publicaci\u00f3n cient\u00edfica, existen riesgos de plagio o de env\u00edo a m\u00e1s de una revista, aun y cuando es una condici\u00f3n \u00e9tica no proponer los manuscritos a m\u00e1s de un editor, o bien intereses divididos en cuanto a las personas que participaron en un documento, se han tenido en <em>Vestigium<\/em> comportamientos poco \u00e9ticos al respecto. Como director general, admito los detalles que han llevado a tales circunstancias, quiz\u00e1 dando por sentado que un comportamiento poco \u00e9tico no es aceptable; no obstante, para tener la seguridad de que no se volver\u00e1n a repetir, se presenta el c\u00f3digo de \u00e9tica que regir\u00e1 a partir de este n\u00famero los aportes enviados.<\/p><p style=\"text-align: center;\"><strong style=\"font-style: inherit;\">C\u00f3digo de \u00c9tica de la Revista <em>Vestigium. Apuntes universitarios<\/em><\/strong><\/p><p>La Universidad Emiliano Zapata, comprometida con la formaci\u00f3n cr\u00edtica, humanista y socialmente responsable, reconoce que la publicaci\u00f3n cient\u00edfica es un medio esencial para difundir conocimiento que contribuya al desarrollo de Nuevo Le\u00f3n, M\u00e9xico y el mundo. Este C\u00f3digo de \u00c9tica establece los principios y normas que gu\u00edan la conducta de autores, revisores, editores y miembros del comit\u00e9 editorial de <em>Vestigium. Apuntes universitarios<\/em>, garantizando transparencia, integridad acad\u00e9mica y responsabilidad social en cada etapa del proceso editorial. Al final de este archivo, en las referencias, se anotan los documentos considerados para la realizaci\u00f3n del presente c\u00f3digo.<\/p><p><strong style=\"font-style: inherit;\">Punto 1. Principios \u00e9ticos<\/strong><\/p><p>Los trabajos presentados deben ser originales, sin caer en ning\u00fan aspecto de <span style=\"color: #ff0000;\"><strong><u>deshonestidad acad\u00e9mica<\/u><\/strong><\/span>, entendida \u00e9sta como fabricaci\u00f3n o manipulaci\u00f3n de datos, plagio (directo, autoplagio, etc.), autor\u00eda fantasma, autor\u00eda regalo, venta de autor\u00eda, conflicto de intereses, <span style=\"color: #ff0000;\"><strong><u>env\u00edo simult\u00e1neo<\/u><\/strong><\/span>, etc.<\/p><p>Por su parte, la revista <em>Vestigium. Apuntes universitarios<\/em> se compromete a revisar debidamente la calidad de los trabajos con transparencia, sin conflictos de intereses, de forma objetiva y confidencial, y de manera imparcial, con la finalidad de que prevalezca la calidad cient\u00edfica de los manuscritos enviados.<\/p><p><strong>Punto 2. Colaboradores<\/strong><\/p><p>Sobre los autores<\/p><p>Entre los principales puntos a tratar en este apartado, se encuentra <span style=\"color: #ff0000;\"><strong><u>garantizar la originalidad de los trabajos y evitar el env\u00edo simult\u00e1neo a otras revistas, ya que esto es una falta de \u00e9tica, comentada en el punto uno. <\/u><\/strong><\/span><\/p><p>Asimismo, para que el env\u00edo sea considerado a publicaci\u00f3n, debe incluirse de forma adecuada toda fuente que sea de relevancia para la argumentaci\u00f3n, en el formato APA m\u00e1s reciente, y de ser necesario, dar a conocer errores en art\u00edculos ya publicados para su correcci\u00f3n o retractaci\u00f3n.<\/p><p>Sobre los revisores<\/p><p>El comit\u00e9 editorial se compromete a revisar los textos enviados para proporcionar retroalimentaci\u00f3n, que puede ser: aceptar el art\u00edculo, aceptar el art\u00edculo con cambios, rechazar el art\u00edculo, siempre de forma profesional y respetuosa, para no perder la objetividad<\/p><p>Sobre los editores<\/p><p>La revista se compromete a someter los aportes a un proceso transparente, justo, cient\u00edfico, por parte de los colaboradores. <span style=\"color: #ff0000;\"><strong><u>Si se detectan casos de mala conducta, se actuar\u00e1 con base en las <\/u><\/strong><strong><u>directrices internacionales.<\/u><\/strong><\/span><\/p><p>Sobre el Comit\u00e9 Editorial<\/p><p>El Comit\u00e9 Editorial vigilar\u00e1 que haya pr\u00e1cticas adecuadas en el proceso metodol\u00f3gico de investigaci\u00f3n para una publicaci\u00f3n de calidad, para que las publicaciones ayuden al desarrollo social y cultural, desde lo local hasta lo internacional.\u00a0<\/p><p><strong style=\"font-style: inherit;\">Punto 3. Conductas inaceptables y consecuencias<\/strong><\/p><p>Las posibles conductas pueden ser, principalmente, sobre la autor\u00eda y plagio y manipulaci\u00f3n de datos (ver punto 1), en cuyo caso se realizar\u00e1 <span style=\"color: #ff0000;\"><strong><u>rechazo de forma inmediata el aporte realizado, notificaci\u00f3n a la instituci\u00f3n de la persona autora, y finalmente, posible prohibici\u00f3n en futuros n\u00fameros. <\/u><\/strong><\/span><\/p><p><strong>Punto 4. Procedimiento de aplicaci\u00f3n<\/strong><\/p><p><span style=\"color: #ff0000;\"><strong><u>Los casos de mala conducta se atender\u00e1n conforme a las directrices internacionales de \u00e9tica en publicaci\u00f3n cient\u00edfica (COPE) y a las pol\u00edticas institucionales de la Universidad Emiliano Zapata. Las sanciones podr\u00e1n incluir retractaci\u00f3n del art\u00edculo, notificaci\u00f3n a la instituci\u00f3n y divulgaci\u00f3n p\u00fablica de la falta.<\/u><\/strong><\/span><\/p><p><strong style=\"font-style: inherit;\">Punto 5. Uso de Inteligencia Artificial<\/strong><\/p><p>El uso de herramientas de inteligencia artificial se permite \u00fanicamente como apoyo t\u00e9cnico (ej. correcci\u00f3n gramatical). No se aceptar\u00e1 a la IA como autor ni como generador principal de datos o redacci\u00f3n. Su uso deber\u00e1 declararse expl\u00edcitamente en agradecimientos o metodolog\u00eda.<\/p><p style=\"text-align: center;\"><strong style=\"font-style: inherit; text-align: center;\">Referencias<\/strong><\/p><p>Committee on Publication Ethics. (2011). <em>Code of Conduct and Best Practice Guidelines for Journal Editors<\/em>. COPE. https:\/\/publicationethics.org<\/p><p>Elsevier. (s.f.). <em>Publishing Ethics Policy<\/em>. Elsevier. https:\/\/www.elsevier.com\/about\/policies-and-standards\/publishing-ethics (elsevier.com in Bing)<\/p><p>Organizaci\u00f3n Mundial de la Salud. (2017). <em>Code of Conduct for Responsible Research<\/em>. WHO. https:\/\/www.who.int\/about\/ethics\/code-of-conduct-for-responsible-research (who.int in Bing)<\/p><p>UNESCO. (2017). <em>Recomendaci\u00f3n sobre la Ciencia y los Investigadores Cient\u00edficos<\/em>. UNESCO. <a href=\"https:\/\/unesdoc.unesco.org\">https:\/\/unesdoc.unesco.org<\/a><\/p>\t\t\t\t\t\t\t\t<\/div>\n\t\t\t\t<\/div>\n\t\t\t\t\t<\/div>\n\t\t<\/div>\n\t\t\t\t\t<\/div>\n\t\t<\/section>\n\t\t\t\t<\/div>\n\t\t","protected":false},"excerpt":{"rendered":"<p>C\u00f3digo de \u00c9tica Dado que, como en cualquier publicaci\u00f3n cient\u00edfica, existen riesgos de plagio o de env\u00edo a m\u00e1s de una revista, aun y cuando es una condici\u00f3n \u00e9tica no proponer los manuscritos a m\u00e1s de un editor, o bien intereses divididos en cuanto a las personas que participaron en un documento, se han tenido [&hellip;]<\/p>\n","protected":false},"author":2,"featured_media":0,"parent":0,"menu_order":0,"comment_status":"closed","ping_status":"closed","template":"","meta":{"site-sidebar-layout":"no-sidebar","site-content-layout":"page-builder","ast-site-content-layout":"full-width-container","site-content-style":"unboxed","site-sidebar-style":"unboxed","ast-global-header-display":"","ast-banner-title-visibility":"","ast-main-header-display":"","ast-hfb-above-header-display":"","ast-hfb-below-header-display":"","ast-hfb-mobile-header-display":"","site-post-title":"disabled","ast-breadcrumbs-content":"","ast-featured-img":"disabled","footer-sml-layout":"","theme-transparent-header-meta":"","adv-header-id-meta":"","stick-header-meta":"","header-above-stick-meta":"","header-main-stick-meta":"","header-below-stick-meta":"","astra-migrate-meta-layouts":"set","ast-page-background-enabled":"default","ast-page-background-meta":{"desktop":{"background-color":"var(--ast-global-color-4)","background-image":"","background-repeat":"repeat","background-position":"center center","background-size":"auto","background-attachment":"scroll","background-type":"","background-media":"","overlay-type":"","overlay-color":"","overlay-opacity":"","overlay-gradient":""},"tablet":{"background-color":"","background-image":"","background-repeat":"repeat","background-position":"center center","background-size":"auto","background-attachment":"scroll","background-type":"","background-media":"","overlay-type":"","overlay-color":"","overlay-opacity":"","overlay-gradient":""},"mobile":{"background-color":"","background-image":"","background-repeat":"repeat","background-position":"center center","background-size":"auto","background-attachment":"scroll","background-type":"","background-media":"","overlay-type":"","overlay-color":"","overlay-opacity":"","overlay-gradient":""}},"ast-content-background-meta":{"desktop":{"background-color":"var(--ast-global-color-5)","background-image":"","background-repeat":"repeat","background-position":"center center","background-size":"auto","background-attachment":"scroll","background-type":"","background-media":"","overlay-type":"","overlay-color":"","overlay-opacity":"","overlay-gradient":""},"tablet":{"background-color":"var(--ast-global-color-5)","background-image":"","background-repeat":"repeat","background-position":"center center","background-size":"auto","background-attachment":"scroll","background-type":"","background-media":"","overlay-type":"","overlay-color":"","overlay-opacity":"","overlay-gradient":""},"mobile":{"background-color":"var(--ast-global-color-5)","background-image":"","background-repeat":"repeat","background-position":"center center","background-size":"auto","background-attachment":"scroll","background-type":"","background-media":"","overlay-type":"","overlay-color":"","overlay-opacity":"","overlay-gradient":""}},"footnotes":""},"class_list":["post-1059","page","type-page","status-publish","hentry"],"_links":{"self":[{"href":"https:\/\/vestigium.unez.edu.mx\/index.php\/wp-json\/wp\/v2\/pages\/1059","targetHints":{"allow":["GET"]}}],"collection":[{"href":"https:\/\/vestigium.unez.edu.mx\/index.php\/wp-json\/wp\/v2\/pages"}],"about":[{"href":"https:\/\/vestigium.unez.edu.mx\/index.php\/wp-json\/wp\/v2\/types\/page"}],"author":[{"embeddable":true,"href":"https:\/\/vestigium.unez.edu.mx\/index.php\/wp-json\/wp\/v2\/users\/2"}],"replies":[{"embeddable":true,"href":"https:\/\/vestigium.unez.edu.mx\/index.php\/wp-json\/wp\/v2\/comments?post=1059"}],"version-history":[{"count":8,"href":"https:\/\/vestigium.unez.edu.mx\/index.php\/wp-json\/wp\/v2\/pages\/1059\/revisions"}],"predecessor-version":[{"id":1069,"href":"https:\/\/vestigium.unez.edu.mx\/index.php\/wp-json\/wp\/v2\/pages\/1059\/revisions\/1069"}],"wp:attachment":[{"href":"https:\/\/vestigium.unez.edu.mx\/index.php\/wp-json\/wp\/v2\/media?parent=1059"}],"curies":[{"name":"wp","href":"https:\/\/api.w.org\/{rel}","templated":true}]}}